{"id":288,"date":"2020-12-14T14:51:38","date_gmt":"2020-12-14T13:51:38","guid":{"rendered":"https:\/\/stormaanzee.wordpress.com\/?page_id=288"},"modified":"2021-06-25T14:52:30","modified_gmt":"2021-06-25T14:52:30","slug":"diner-2","status":"publish","type":"page","link":"https:\/\/demo.stormaanzee.nl\/index.php\/diner-2\/","title":{"rendered":""},"content":{"rendered":"\n<figure class=\"wp-block-image alignfull size-large\"><img decoding=\"async\" loading=\"lazy\" width=\"1024\" height=\"341\" src=\"https:\/\/demo.stormaanzee.nl\/wp-content\/uploads\/2021\/06\/Storm-aan-Zee_Menu-1024x341.jpg\" alt=\"\" class=\"wp-image-451\" srcset=\"https:\/\/demo.stormaanzee.nl\/wp-content\/uploads\/2021\/06\/Storm-aan-Zee_Menu-1024x341.jpg 1024w, https:\/\/demo.stormaanzee.nl\/wp-content\/uploads\/2021\/06\/Storm-aan-Zee_Menu-300x100.jpg 300w, https:\/\/demo.stormaanzee.nl\/wp-content\/uploads\/2021\/06\/Storm-aan-Zee_Menu-768x256.jpg 768w, https:\/\/demo.stormaanzee.nl\/wp-content\/uploads\/2021\/06\/Storm-aan-Zee_Menu-1536x512.jpg 1536w, https:\/\/demo.stormaanzee.nl\/wp-content\/uploads\/2021\/06\/Storm-aan-Zee_Menu-2048x683.jpg 2048w, https:\/\/demo.stormaanzee.nl\/wp-content\/uploads\/2021\/06\/Storm-aan-Zee_Menu-1568x523.jpg 1568w\" sizes=\"(max-width: 1024px) 100vw, 1024px\" \/><\/figure>\n\n\n\n<p class=\"has-text-align-center has-text-color\" style=\"color:#d0b084;font-size:72px\">Onze menukaart<\/p>\n\n\n\n<p class=\"has-text-align-center\"><span style=\"color:#786852\" class=\"has-inline-color\"><em>Your choice to start and end what ever dish you like,<\/em><br><em>on every time of the day&nbsp; #stormaanzee<\/em><\/span><\/p>\n\n\n\n<div class=\"is-layout-flex wp-container-5 wp-block-columns\">\n<div class=\"is-layout-flow wp-block-column\" style=\"flex-basis:100%\">\n<p class=\"has-text-color\" style=\"color:#d0b084;font-size:50px\">Starters<\/p>\n\n\n\n<div class=\"is-layout-flex wp-container-3 wp-block-columns\">\n<div class=\"is-layout-flow wp-block-column\" style=\"flex-basis:66.66%\">\n<p style=\"font-size:16px\"><strong>Broodplankje<\/strong><br><em>zeezout | kruidenboter<\/em><strong><br>Broodplankje XL<\/strong><br><em>zeezout | kruidenboter | aioli | tonijnsalade<\/em><\/p>\n<\/div>\n\n\n\n<div class=\"is-layout-flow wp-block-column\" style=\"flex-basis:33.33%\">\n<p class=\"has-text-align-right\" style=\"font-size:16px\">\u20ac 5,50<br><br><br>\u20ac 8,50<\/p>\n<\/div>\n<\/div>\n<\/div>\n<\/div>\n\n\n\n<hr class=\"wp-block-separator has-text-color has-background is-style-wide\" style=\"background-color:#4a4f54;color:#4a4f54\"\/>\n\n\n\n<p class=\"has-text-color\" style=\"color:#d0b084;font-size:50px\">Fingerfood<\/p>\n\n\n\n<div class=\"is-layout-flex wp-container-8 wp-block-columns\">\n<div class=\"is-layout-flow wp-block-column\" style=\"flex-basis:66.66%\">\n<p style=\"font-size:16px;line-height:1.5\">Puntzak friet<br>Ketchup | Pindasaus | Mayonaise | Curry<br>Kaasstengel <em>(\u20098\u2009st.\u2009)<\/em><br>Vlammetjes<em> (\u20098\u2009st.\u2009)<\/em><br>Bittergarnituur <em>(\u200910\u2009st.\u2009)<\/em><br>Krokante gamba\u2019s <em>(\u20096\u2009st.\u2009)<\/em><br>Loempia\u2019s <em>(\u20098\u2009st.\u2009)<\/em><br>Mini frikandel <em>(\u20098\u2009st.\u2009)<\/em><br>Bitterballen <em>(\u20098\u2009st.\u2009)<\/em><br>Nacho cheese <em>cr\u00e8me fra\u00eeche | chilisaus<\/em><br>Nacho pulled chicken <em>cr\u00e8me fra\u00eeche | chilisaus<\/em><br>Crispy chickenwings <em>(\u20096\u2009st.\u2009) bosui | chilisaus&nbsp;<\/em><\/p>\n<\/div>\n\n\n\n<div class=\"is-layout-flow wp-block-column\" style=\"flex-basis:33.33%\">\n<p class=\"has-text-align-right\" style=\"font-size:16px\">\u20ac 3,00<br>+\u20ac 3,50<br>\u20ac 8,25<br>\u20ac 7,50<br>\u20ac 9,50<br>\u20ac 8,25<br>\u20ac 7,50<br>\u20ac 5,50<br>\u20ac 6,50<br>\u20ac 7,50<br>\u20ac 8,50<br>\u20ac 8,50<\/p>\n<\/div>\n<\/div>\n\n\n\n<hr class=\"wp-block-separator has-text-color has-background is-style-wide\" style=\"background-color:#4a4f54;color:#4a4f54\"\/>\n\n\n\n<p class=\"has-text-color\" style=\"color:#d0b084;font-size:50px\">Toasters<\/p>\n\n\n\n<div class=\"is-layout-flex wp-container-11 wp-block-columns\">\n<div class=\"is-layout-flow wp-block-column\" style=\"flex-basis:66.66%\">\n<p style=\"font-size:16px\">Kaas<br>Ham &amp; kaas<br>Pulled chicken<br>Gerookte zalm<\/p>\n\n\n\n<p><strong>2 van Dobben kroketten op rustiek brood<\/strong><br><em>mosterdmayonaise | frisse salade<\/em><\/p>\n<\/div>\n\n\n\n<div class=\"is-layout-flow wp-block-column\" style=\"flex-basis:33.33%\">\n<p class=\"has-text-align-right\" style=\"font-size:16px\">\u20ac 3,75<br>\u20ac 4,50<br>\u20ac 4,75<br>\u20ac 4,75<\/p>\n\n\n\n<p class=\"has-text-align-right\" style=\"font-size:16px\">\u20ac 7,50<\/p>\n<\/div>\n<\/div>\n\n\n\n<hr class=\"wp-block-separator has-text-color has-background is-style-wide\" style=\"background-color:#4a4f54;color:#4a4f54\"\/>\n\n\n\n<p class=\"has-text-color\" style=\"color:#d0b084;font-size:50px\">Bagels<\/p>\n\n\n\n<div class=\"is-layout-flex wp-container-14 wp-block-columns\">\n<div class=\"is-layout-flow wp-block-column\" style=\"flex-basis:66.66%\">\n<p style=\"font-size:16px\"><strong>Smoked Salmon<\/strong><br><em>sla | kappertjes | roomkaas | rode ui | frisee | komkommer<\/em><br><strong>Carpaccio<\/strong><br><em>sla | oude kaas | rucola | gedroogde tomaat | pijnboompitjes<br>truffelmayonaise | rode ui<\/em><br><strong>Buffelmozzarella<\/strong><br><em>spinazie | pesto | pijnboompitjes | antiboise | granaatappel<\/em><br><strong>Tonijnsalade&nbsp;<\/strong><br><em>sla | rode ui | komkommer | furikake | kappertjes<\/em><br><strong>Pulled chicken<\/strong><br><em>sla | jalape\u00f1os | paprika | rode ui | chilimayonaise<\/em><\/p>\n<\/div>\n\n\n\n<div class=\"is-layout-flow wp-block-column\" style=\"flex-basis:33.33%\">\n<p class=\"has-text-align-right\" style=\"font-size:16px\">\u20ac 9,50<br><br>\u20ac 8,50<br><br><br>\u20ac 8,50<br><br>\u20ac 8,50<br><br>\u20ac 8,50<\/p>\n<\/div>\n<\/div>\n\n\n\n<hr class=\"wp-block-separator has-text-color has-background is-style-wide\" style=\"background-color:#4a4f54;color:#4a4f54\"\/>\n\n\n\n<p class=\"has-text-color\" style=\"color:#d0b084;font-size:50px\">Small dishes<\/p>\n\n\n\n<div class=\"is-layout-flex wp-container-17 wp-block-columns\">\n<div class=\"is-layout-flow wp-block-column\" style=\"flex-basis:66.66%\">\n<p style=\"font-size:16px\"><strong>Tom kha kaisoep&nbsp;<br><\/strong><em>pulled chicken | taug\u00e9 | koriander | brood<\/em><br><strong>Flamed salmon sashimi<\/strong><br><em>flammkuchen | wasabi crunch | bosui | witte sesam | gefrituurde kappertje | Japanse mayonaise | zoetzure komkommer<\/em><br><em>doperwten cress<\/em><br><strong>Spicy gamba\u2019s<\/strong><br><em>in hete olie | limoen | kruidensla | sesam | brood | aioli<br>rode peper | knoflook<\/em><br><strong>Pittige tartaar van albacore tonijn&nbsp;<\/strong><br><em>wonton | wakame | zwarte sesam | wasabimayonaise<\/em><br><em>zoetzure komkommer | bietenscheutjes<\/em><br><strong>Carpaccio<\/strong><br><em>oude kaas | rucola | gedroogde tomaat | pijnboompitjes<br>truffelmayonaise<\/em><br><strong>Gebakken kippendijen<\/strong><br><em>taug\u00e9 | gezouten pinda\u2019s | limoen | pappadum | bosui<br>sesamzaadjes<\/em><br><strong>Falafel &amp; buffelmozzarella<\/strong><br><em>krokant van focaccia | pesto | granaatappel | antibioseerwtenscheuten<\/em><br><em>kruidensla | sesamzaadjes<\/em><\/p>\n<\/div>\n\n\n\n<div class=\"is-layout-flow wp-block-column\" style=\"flex-basis:33.33%\">\n<p class=\"has-text-align-right\" style=\"font-size:16px\">\u20ac 8,50<br><br>\u20ac 10,50<br><br><br><br>\u20ac 9,50<br><br><br>\u20ac 10,50<br><br><br>\u20ac 9,50<br><br><br>\u20ac 9,50<br><br><br>\u20ac 9,50<br><\/p>\n<\/div>\n<\/div>\n\n\n\n<hr class=\"wp-block-separator has-text-color has-background is-style-wide\" style=\"background-color:#4a4f54;color:#4a4f54\"\/>\n\n\n\n<p class=\"has-text-color\" style=\"color:#d0b084;font-size:50px\">Large dishes<\/p>\n\n\n\n<div class=\"is-layout-flex wp-container-20 wp-block-columns\">\n<div class=\"is-layout-flow wp-block-column\" style=\"flex-basis:66.66%\">\n<p style=\"font-size:16px\"><strong>Slow cooked ribs<\/strong><br><em>coleslaw | tortilla chips cheese | friet<\/em><br><strong>Grilled entrecote<\/strong><br><em>krokante prei | gebakken sjalot &amp; oesterzwam | kruidenboter | geblanceerde wortel | cr\u00e8me van pastinaak | gebakken aardappels<\/em><br><strong>Kippendijen sat\u00e9&nbsp;<\/strong><br><em>kroepoek | gebakken uitjes | atjar | friet<\/em><br><strong>Pulled chicken burger<\/strong><br><em>brioche bol | sla | paprika | ui | jalape\u00f1o | mai thai saus<br>tortilla chips | friet<\/em><br><strong>Stormburger<\/strong><br><em>brioche bol | sla | ui | tomaat | cheddar kaas | bacon<br>gefrituurde uienringen | chips | friet<\/em><br><strong>Enchilada pulled chicken<\/strong><br><em>Mexicaanse groente | salsa picante | cheddar kaas | cr\u00e8me fra\u00eeche<\/em><br><em>avocado | kervel | groene kruiden | chilisaus tortilla chips<\/em><br><strong>Vegaburger<\/strong><br><em>brioche bol | sla | antiboise | tzatziki | mozzarella | chips | friet<\/em><br><strong>Oosterse zalm<br><\/strong><em>gewokte groenten | antiboise | furikake | limoen<br>krokante sushirijst balletjes<\/em><br><strong>Pad thai chicken<\/strong><br><em>oosterse groenten | limoen | gezouten pinda\u2019s | verse kruiden | sesamzaadjes<\/em><\/p>\n<\/div>\n\n\n\n<div class=\"is-layout-flow wp-block-column\" style=\"flex-basis:33.33%\">\n<p class=\"has-text-align-right\" style=\"font-size:16px\">\u20ac 18,50<br><br>\u20ac 22,50<br><br><br>\u20ac 17,50<br><br>\u20ac 16,50<br><br><br>\u20ac 16,50<br><br><br>\u20ac 15,50<br><br><br>\u20ac 16,50<br><br>\u20ac 21,50<br><br><br>\u20ac 16,50<\/p>\n<\/div>\n<\/div>\n\n\n\n<hr class=\"wp-block-separator has-text-color has-background is-style-wide\" style=\"background-color:#4a4f54;color:#4a4f54\"\/>\n\n\n\n<p class=\"has-text-color\" style=\"color:#d0b084;font-size:50px\">Kids menu<\/p>\n\n\n\n<div class=\"is-layout-flex wp-container-23 wp-block-columns\">\n<div class=\"is-layout-flow wp-block-column is-vertically-aligned-top\" style=\"flex-basis:66.66%\">\n<p style=\"font-size:16px\"><strong>Geserveerd met salade, friet en Mayonaise<\/strong><br><em>Keuze uit: kipnuggets | Mini hamburger | Vissticks<\/em><\/p>\n<\/div>\n\n\n\n<div class=\"is-layout-flow wp-block-column\" style=\"flex-basis:33.33%\">\n<p class=\"has-text-align-right\" style=\"font-size:16px\">\u20ac 6,75<\/p>\n<\/div>\n<\/div>\n\n\n\n<hr class=\"wp-block-separator has-text-color has-background is-style-wide\" style=\"background-color:#4a4f54;color:#4a4f54\"\/>\n\n\n\n<p class=\"has-text-color\" style=\"color:#d0b084;font-size:50px\">Salades<\/p>\n\n\n\n<div class=\"is-layout-flex wp-container-26 wp-block-columns\">\n<div class=\"is-layout-flow wp-block-column\" style=\"flex-basis:66.66%\">\n<p style=\"font-size:16px\"><strong>Smoked salmon&nbsp;<\/strong><br><em>sla | kappertjes | rode ui | frisee | komkommer<br>Japanse mayonaise | wasabi noten | furikake<br>breekbroodje<\/em><br><strong>Carpaccio<\/strong><br><em>sla | oude kaas | rucola | gedroogde tomaat<br>pijnboompitjes | truffelmayonaise | rode ui<br>breekbroodje<\/em><br><strong>Buffelmozzarela&nbsp;<\/strong><br><em>spinazie | pesto | pijnboompitjes | antiboise | krokant van prei granaatappel | kruidensla | breekbroodje<\/em><\/p>\n<\/div>\n\n\n\n<div class=\"is-layout-flow wp-block-column\" style=\"flex-basis:33.33%\">\n<p class=\"has-text-align-right\" style=\"font-size:16px\">\u20ac 14,50<\/p>\n<\/div>\n<\/div>\n\n\n\n<hr class=\"wp-block-separator has-text-color has-background is-style-wide\" style=\"background-color:#4a4f54;color:#4a4f54\"\/>\n\n\n\n<p class=\"has-text-align-center\"><span style=\"color:#786852\" class=\"has-inline-color\"><strong>I always thought bagels and burgers were my soul food,<\/strong><\/span><br><span style=\"color:#786852\" class=\"has-inline-color\"><strong>but it turns out to be sushi<\/strong><\/span><\/p>\n\n\n\n<p class=\"has-text-color\" style=\"color:#d0b084;font-size:50px\">Sushi<\/p>\n\n\n\n<p class=\"has-text-color\" style=\"color:#d0b084;font-size:24px\"><strong>Uramaki<\/strong><\/p>\n\n\n\n<div class=\"is-layout-flex wp-container-29 wp-block-columns\">\n<div class=\"is-layout-flow wp-block-column\" style=\"flex-basis:66.66%\">\n<p style=\"font-size:16px\"><strong>Carpaccio<\/strong><br><em>komkommer | avocado | Parmezaan | truffelmayonaise | bosui<\/em><br><strong>Crispy chicken<\/strong><br><em>krokante ui | oosterse kip | teriyaki saus | frisee | <br>Krokante gamba &amp; flamed salmon | furikake kruiden | avocado | Japanse mayonaise | bosui<\/em><br><strong>Veggie<\/strong><br><em>komkommer | avocado | Japanse mayonaise | krokant van prei<\/em><br><em>wasabi noten<\/em><br><strong>Zalm &amp; roomkaas<\/strong><br><em>komkommer | sesamzaadjes | asperge-scheuten<br>Japanse mayonaise | bosui<\/em><br><strong>Spicy tuna<\/strong><br><em>komkommer | avocado | pittige kruiden | srirachamayonaise<br>shiso purple<\/em><\/p>\n<\/div>\n\n\n\n<div class=\"is-layout-flow wp-block-column is-vertically-aligned-top\" style=\"flex-basis:33.33%\">\n<p class=\"has-text-align-right\" style=\"font-size:16px\">\u20ac 9,50<br><br>\u20ac 9,50<br><br><br><br>\u20ac 9,50<br><br><br>\u20ac 9,50<br><br><br>\u20ac 9,50<\/p>\n<\/div>\n<\/div>\n\n\n\n<p class=\"has-text-color\" style=\"color:#d0b084;font-size:24px\"><strong>Maki Mix<\/strong><\/p>\n\n\n\n<div class=\"is-layout-flex wp-container-32 wp-block-columns\">\n<div class=\"is-layout-flow wp-block-column\" style=\"flex-basis:66.66%\">\n<p style=\"font-size:16px\"><strong>Salmon &amp; tuna <\/strong><em>(\u200912\u2009st.\u2009)<\/em><\/p>\n\n\n\n<p style=\"font-size:16px\"><strong>Vega <\/strong><em>(\u200918\u2009st.\u2009)<\/em><br><em>wakame | avocado | komkommer<\/em><\/p>\n<\/div>\n\n\n\n<div class=\"is-layout-flow wp-block-column\" style=\"flex-basis:33.33%\">\n<p class=\"has-text-align-right\" style=\"font-size:16px\">\u20ac 8,50<br><br>\u20ac 10,50<br><br><br><\/p>\n<\/div>\n<\/div>\n\n\n\n<p class=\"has-text-color\" style=\"color:#d0b084;font-size:24px\"><strong>Nigiri Mix<\/strong><\/p>\n\n\n\n<div class=\"is-layout-flex wp-container-35 wp-block-columns\">\n<div class=\"is-layout-flow wp-block-column\" style=\"flex-basis:66.66%\">\n<p style=\"font-size:16px\"><strong>Salmon &amp; tuna<\/strong><em> (\u20096\u2009st.\u2009)<\/em><br><em>maguro | flamed | teriyaki<br>sake | flamed | teriyaki<\/em><\/p>\n<\/div>\n\n\n\n<div class=\"is-layout-flow wp-block-column\" style=\"flex-basis:33.33%\">\n<p class=\"has-text-align-right\" style=\"font-size:16px\">\u20ac 10,50<\/p>\n<\/div>\n<\/div>\n\n\n\n<hr class=\"wp-block-separator is-style-wide\"\/>\n\n\n\n<p class=\"has-text-color\" style=\"color:#d0b084;font-size:50px\">Bowls<\/p>\n\n\n\n<div class=\"is-layout-flex wp-container-38 wp-block-columns\">\n<div class=\"is-layout-flow wp-block-column\" style=\"flex-basis:66.66%\">\n<p style=\"font-size:16px\"><strong>Tuna<\/strong><br><em>rijst | furikake | komkommer | avocado | rettich<br>edamame | bosui | radijs | wakame | Japanse mayonaise<\/em><br><strong>Salmon<\/strong><br><em>rijst | furikake | komkommer | avocado | rettich<br>edamame | bosui radijs | wakame | Japanse mayonaise<\/em><br><strong>Vega<\/strong><br><em>rijst | furikake | komkommer | avocado | rettich<br>edamame | bosui | radijs | wakame | Japanse mayonaise wasabi noten<\/em><\/p>\n<\/div>\n\n\n\n<div class=\"is-layout-flow wp-block-column\" style=\"flex-basis:33.33%\">\n<p class=\"has-text-align-right\" style=\"font-size:16px\">\u20ac 14,50<br><br><br>\u20ac 14,50<br><br><br>\u20ac 12,50<\/p>\n<\/div>\n<\/div>\n\n\n\n<hr class=\"wp-block-separator is-style-wide\"\/>\n\n\n\n<p class=\"has-text-color\" style=\"color:#d0b084;font-size:50px\">Sweets<\/p>\n\n\n\n<div class=\"is-layout-flex wp-container-41 wp-block-columns\">\n<div class=\"is-layout-flow wp-block-column\" style=\"flex-basis:66.66%\">\n<p style=\"font-size:16px\"><strong>Red fruit crumble<\/strong><br><em>vanille-ijs | rood fruit<\/em><br><br><strong>Cr\u00e8me br\u00fbl\u00e9e van lavendel<\/strong><br><em>hazelnoot crunch | bramen | citroenijs | munt<\/em><br><br><strong>Benn &amp; Jerry\u2019s<\/strong><em><br>Strawberry | Cookie dough | Chocolate fudge brownie<\/em><br><br><strong>Poffertjes<\/strong><br><em>vanilleboter | poedersuiker<\/em><br><br><strong>Raket<\/strong><\/p>\n<\/div>\n\n\n\n<div class=\"is-layout-flow wp-block-column\" style=\"flex-basis:33.33%\">\n<p class=\"has-text-align-right\" style=\"font-size:16px\">\u20ac 8,50<br><\/p>\n\n\n\n<p class=\"has-text-align-right\" style=\"font-size:16px\">\u20ac 8,50<br><\/p>\n\n\n\n<p class=\"has-text-align-right\" style=\"font-size:16px\">\u20ac 3,50<br><br><br>\u20ac 5,75<br><br>\u20ac 1,50<br><\/p>\n<\/div>\n<\/div>\n\n\n\n<p><\/p>\n","protected":false},"excerpt":{"rendered":"<p>Onze menukaart Your choice to start and end what ever dish you like,on every time of the day&nbsp; #stormaanzee Starters Broodplankjezeezout | kruidenboterBroodplankje XLzeezout | kruidenboter | aioli | tonijnsalade \u20ac 5,50 \u20ac 8,50 Fingerfood Puntzak frietKetchup | Pindasaus | Mayonaise | CurryKaasstengel (\u20098\u2009st.\u2009)Vlammetjes (\u20098\u2009st.\u2009)Bittergarnituur (\u200910\u2009st.\u2009)Krokante gamba\u2019s (\u20096\u2009st.\u2009)Loempia\u2019s (\u20098\u2009st.\u2009)Mini frikandel (\u20098\u2009st.\u2009)Bitterballen (\u20098\u2009st.\u2009)Nacho cheese cr\u00e8me fra\u00eeche<a class=\"more-link\" href=\"https:\/\/demo.stormaanzee.nl\/index.php\/diner-2\/\">Meer lezen over <\/a><\/p>\n","protected":false},"author":2,"featured_media":0,"parent":0,"menu_order":0,"comment_status":"closed","ping_status":"closed","template":"","meta":[],"_links":{"self":[{"href":"https:\/\/demo.stormaanzee.nl\/index.php\/wp-json\/wp\/v2\/pages\/288"}],"collection":[{"href":"https:\/\/demo.stormaanzee.nl\/index.php\/wp-json\/wp\/v2\/pages"}],"about":[{"href":"https:\/\/demo.stormaanzee.nl\/index.php\/wp-json\/wp\/v2\/types\/page"}],"author":[{"embeddable":true,"href":"https:\/\/demo.stormaanzee.nl\/index.php\/wp-json\/wp\/v2\/users\/2"}],"replies":[{"embeddable":true,"href":"https:\/\/demo.stormaanzee.nl\/index.php\/wp-json\/wp\/v2\/comments?post=288"}],"version-history":[{"count":24,"href":"https:\/\/demo.stormaanzee.nl\/index.php\/wp-json\/wp\/v2\/pages\/288\/revisions"}],"predecessor-version":[{"id":647,"href":"https:\/\/demo.stormaanzee.nl\/index.php\/wp-json\/wp\/v2\/pages\/288\/revisions\/647"}],"wp:attachment":[{"href":"https:\/\/demo.stormaanzee.nl\/index.php\/wp-json\/wp\/v2\/media?parent=288"}],"curies":[{"name":"wp","href":"https:\/\/api.w.org\/{rel}","templated":true}]}}